{"id":749,"date":"2026-03-31T08:42:13","date_gmt":"2026-03-31T08:42:13","guid":{"rendered":"https:\/\/www.emerickblot.fr\/?page_id=749"},"modified":"2026-03-31T08:55:21","modified_gmt":"2026-03-31T08:55:21","slug":"politique-de-confidentialite","status":"publish","type":"page","link":"https:\/\/www.emerickblot.fr\/?page_id=749","title":{"rendered":"Politique de confidentialit\u00e9"},"content":{"rendered":"\t\t<div data-elementor-type=\"wp-page\" data-elementor-id=\"749\" class=\"elementor elementor-749\" data-elementor-post-type=\"page\">\n\t\t\t\t<div class=\"elementor-element elementor-element-3459cea e-flex e-con-boxed e-con e-parent\" data-id=\"3459cea\" data-element_type=\"container\" data-e-type=\"container\">\n\t\t\t\t\t<div class=\"e-con-inner\">\n\t\t\t\t<div class=\"elementor-element elementor-element-7ab614a elementor-widget elementor-widget-heading\" data-id=\"7ab614a\" data-element_type=\"widget\" data-e-type=\"widget\" data-widget_type=\"heading.default\">\n\t\t\t\t\t<h2 class=\"elementor-heading-title elementor-size-default\">Politique de confidentialit\u00e9<\/h2>\t\t\t\t<\/div>\n\t\t\t\t<div class=\"elementor-element elementor-element-40fb8fa elementor-widget-divider--view-line elementor-widget elementor-widget-divider\" data-id=\"40fb8fa\" data-element_type=\"widget\" data-e-type=\"widget\" data-widget_type=\"divider.default\">\n\t\t\t\t\t\t\t<div class=\"elementor-divider\">\n\t\t\t<span class=\"elementor-divider-separator\">\n\t\t\t\t\t\t<\/span>\n\t\t<\/div>\n\t\t\t\t\t\t<\/div>\n\t\t\t\t\t<\/div>\n\t\t\t\t<\/div>\n\t\t<div class=\"elementor-element elementor-element-82574ad e-flex e-con-boxed e-con e-parent\" data-id=\"82574ad\" data-element_type=\"container\" data-e-type=\"container\">\n\t\t\t\t\t<div class=\"e-con-inner\">\n\t\t\t\t<div class=\"elementor-element elementor-element-c63d4bf elementor-widget elementor-widget-text-editor\" data-id=\"c63d4bf\" data-element_type=\"widget\" data-e-type=\"widget\" data-widget_type=\"text-editor.default\">\n\t\t\t\t\t\t\t\t\t<p>En nous envoyant vos informations via le formulaire, vous reconnaissez avoir pris connaissance de notre Politique de Confidentialit\u00e9 et de Protection des Donn\u00e9es Personnelles (sur cette page) et consentez \u00e0 ce que nous collections et utilisions ces donn\u00e9es pour des usages internes.<\/p><p>Aucune information personnelle de l\u2019utilisateur du site emerickblot.fr n\u2019est \u00e9chang\u00e9e, transf\u00e9r\u00e9e, c\u00e9d\u00e9e ou vendue sur un support quelconque \u00e0 des tiers \u00e0 l\u2019insu de l\u2019utilisateur.<\/p>\t\t\t\t\t\t\t\t<\/div>\n\t\t\t\t<div class=\"elementor-element elementor-element-c0ce52b elementor-widget elementor-widget-heading\" data-id=\"c0ce52b\" data-element_type=\"widget\" data-e-type=\"widget\" data-widget_type=\"heading.default\">\n\t\t\t\t\t<h2 class=\"elementor-heading-title elementor-size-default\">Article 1 - Reponsable du traitement<\/h2>\t\t\t\t<\/div>\n\t\t\t\t<div class=\"elementor-element elementor-element-304ff04 elementor-widget elementor-widget-text-editor\" data-id=\"304ff04\" data-element_type=\"widget\" data-e-type=\"widget\" data-widget_type=\"text-editor.default\">\n\t\t\t\t\t\t\t\t\t<p>Le responsable du traitement des donn\u00e9es du Site est Emerick BLOT. Les coordonn\u00e9es de contact sont les suivantes :<br \/>Par email : emerick.blot@gmail.com<br \/>Par courrier : 19 rue de l&rsquo;Eglise 33420 Genissac<\/p><h2>\u00a0<\/h2>\t\t\t\t\t\t\t\t<\/div>\n\t\t\t\t<div class=\"elementor-element elementor-element-e095db0 elementor-widget elementor-widget-heading\" data-id=\"e095db0\" data-element_type=\"widget\" data-e-type=\"widget\" data-widget_type=\"heading.default\">\n\t\t\t\t\t<h2 class=\"elementor-heading-title elementor-size-default\">Article 2 - Donn\u00e9es personnelles recueillies<\/h2>\t\t\t\t<\/div>\n\t\t\t\t<div class=\"elementor-element elementor-element-d301d32 elementor-widget elementor-widget-text-editor\" data-id=\"d301d32\" data-element_type=\"widget\" data-e-type=\"widget\" data-widget_type=\"text-editor.default\">\n\t\t\t\t\t\t\t\t\t<p><strong>Lors d\u2019une visite sur notre site<\/strong><\/p><p>Nous n\u2019utilisons que des informations dont le but est la mesure de l\u2019audience via des statistiques, nous mesurons par exemple le nombre de pages vues, le nombre de visites du site, ainsi que l\u2019activit\u00e9 des visiteurs sur le site et leur fr\u00e9quence de retour.<\/p>\t\t\t\t\t\t\t\t<\/div>\n\t\t\t\t<div class=\"elementor-element elementor-element-653e15f elementor-widget elementor-widget-heading\" data-id=\"653e15f\" data-element_type=\"widget\" data-e-type=\"widget\" data-widget_type=\"heading.default\">\n\t\t\t\t\t<h2 class=\"elementor-heading-title elementor-size-default\">Article 3 - Dur\u00e9e de conservation des donn\u00e9es personnelles<\/h2>\t\t\t\t<\/div>\n\t\t\t\t<div class=\"elementor-element elementor-element-b0aeaeb elementor-widget elementor-widget-text-editor\" data-id=\"b0aeaeb\" data-element_type=\"widget\" data-e-type=\"widget\" data-widget_type=\"text-editor.default\">\n\t\t\t\t\t\t\t\t\t<p>Conform\u00e9ment \u00e0 la l\u00e9gislation et r\u00e9glementation en vigueur, vos donn\u00e9es sont conserv\u00e9es pour la dur\u00e9e strictement n\u00e9cessaire aux finalit\u00e9s poursuivies telles que d\u00e9crites ci-dessus.<br \/>Am\u00e9lioration et personnalisation de nos services : la dur\u00e9e de conservation des cookies est de 13 mois maximum, et la dur\u00e9e de conservation des donn\u00e9es des clients est celle de la relation commerciale augment\u00e9e de 3 ans \u00e0 des fins de prospection commerciale,<br \/>Envoi d\u2019alertes : les donn\u00e9es sont conserv\u00e9es pour la dur\u00e9e n\u00e9cessaire au traitement de la demande d\u2019alerte augment\u00e9e de 3 ans \u00e0 des fins de prospection commerciale,<br \/>Lutte contre la Fraude : notre site accepte les paiements effectu\u00e9s via PayPal et Stripe. Pour lutter contre les paiements frauduleux, ces partenaires conservent les donn\u00e9es relatives aux transactions effectu\u00e9es pendant une certaine dur\u00e9e. Pour plus de d\u00e9tails, veuillez prendre connaissance de leur politique de confidentialit\u00e9.<br \/>Enfin, pour satisfaire \u00e0 nos obligations l\u00e9gales, par exemple dans le cadre de la constatation, l\u2019exercice ou la d\u00e9fense de droits en justice ou bien pour r\u00e9pondre \u00e0 des obligations l\u00e9gales notamment comptables, fiscales ou d\u2019archivage, nous pouvons \u00eatre amen\u00e9s \u00e0 conserver vos donn\u00e9es plus longtemps que les dur\u00e9es mentionn\u00e9es ci-dessous. Dans ce cas, nous r\u00e9aliserons un archivage de vos donn\u00e9es avec acc\u00e8s restreint au seul responsable du traitement.<\/p>\t\t\t\t\t\t\t\t<\/div>\n\t\t\t\t<div class=\"elementor-element elementor-element-d7d560e elementor-widget elementor-widget-heading\" data-id=\"d7d560e\" data-element_type=\"widget\" data-e-type=\"widget\" data-widget_type=\"heading.default\">\n\t\t\t\t\t<h2 class=\"elementor-heading-title elementor-size-default\">Article 4 - Exercice de vos droits<\/h2>\t\t\t\t<\/div>\n\t\t\t\t<div class=\"elementor-element elementor-element-fc5de1b elementor-widget elementor-widget-text-editor\" data-id=\"fc5de1b\" data-element_type=\"widget\" data-e-type=\"widget\" data-widget_type=\"text-editor.default\">\n\t\t\t\t\t\t\t\t\t<p>Conform\u00e9ment \u00e0 la Loi Informatique et Libert\u00e9s et la r\u00e9glementation europ\u00e9enne sur la protection des donn\u00e9es personnelles, vous disposez de droits sur les donn\u00e9es vous concernant :<\/p><p>Droit d\u2019acc\u00e8s : Vous avez le droit de nous demander confirmation que vos donn\u00e9es font bien l\u2019objet d\u2019un traitement et obtenir les informations relatives \u00e0 ce traitement (finalit\u00e9s, destinataires etc\u2026)<br \/>Droit de rectification et d\u2019effacement des donn\u00e9es : Vous pouvez demander la rectification de vos donn\u00e9es lorsqu\u2019elles sont inexactes ou incompl\u00e8tes. Vous pouvez \u00e9galement demander l\u2019effacement de vos donn\u00e9es sous r\u00e9serve de nos obligations l\u00e9gales de conservation.<br \/>Droit \u00e0 la limitation du traitement : vous pouvez demander la limitation du traitement de vos Donn\u00e9es, sous r\u00e9serve du respect des obligations l\u00e9gales<br \/>Droit d\u2019opposition : vous pouvez vous opposer \u00e0 tout moment au traitement de vos donn\u00e9es, sauf en cas de motifs l\u00e9gitimes et imp\u00e9rieux de notre part. Vous pouvez \u00e9galement vous opposer au traitement fait \u00e0 des fins de prospection.<br \/>Droit \u00e0 la portabilit\u00e9 : si les exigences l\u00e9gales sont remplies, vous pouvez demander \u00e0 recevoir vos donn\u00e9es dans un format structur\u00e9, couramment utilis\u00e9, lisible par machine et interop\u00e9rable, et de les transmettre \u00e0 un autre responsable du traitement sans que nous y fassions obstacle.<br \/>Droit de ne pas faire l\u2019objet d\u2019une d\u00e9cision fond\u00e9e sur un traitement automatis\u00e9 : vous avez le droit de ne pas faire l\u2019objet d\u2019une d\u00e9cision fond\u00e9e exclusivement sur un traitement automatis\u00e9 produisant des effets juridiques vous concernant ou vous affectant, sauf lorsque cette d\u00e9cision est n\u00e9cessaire \u00e0 la conclusion ou \u00e0 l\u2019ex\u00e9cution d\u2019un contrat, ou est autoris\u00e9e l\u00e9galement. Nous vous informons que nous ne prenons aucune d\u00e9cision automatis\u00e9e<br \/>R\u00e9clamations : vous avez le droit d\u2019introduire une r\u00e9clamation aupr\u00e8s d\u2019une autorit\u00e9 de contr\u00f4le.<br \/>Directives en cas de d\u00e9c\u00e8s : vous avez le droit de donner des directives pour le sort de vos donn\u00e9es personnelles en cas de d\u00e9c\u00e8s.<br \/>Vous trouverez ici une information concernant l\u2019exercice de ces droits :\u00a0<a href=\"https:\/\/www.cnil.fr\/fr\/comprendre-vos-droits\">https:\/\/www.cnil.fr\/fr\/comprendre-vos-droits<\/a><\/p><p>Pour exercer vos droits, il vous suffit de contacter le responsable du traitement :<\/p><p>Soit par lettre recommand\u00e9e avec demande d\u2019avis de r\u00e9ception \u00e0 l\u2019adresse suivante :<\/p><p><strong>Emerick Blot<\/strong><\/p><p>19 rue de l&rsquo;Eglise<\/p><p>33420 Genissac<\/p><p>Soit apr courriel \u00e0 l&rsquo;adresse de contact suivante : emerick.blot@gmail.com<\/p><p>Conform\u00e9ment \u00e0 la r\u00e9glementation en vigueur, votre demande doit \u00eatre sign\u00e9e et accompagn\u00e9e de la photocopie d\u2019un titre d\u2019identit\u00e9 portant votre signature et pr\u00e9ciser l\u2019adresse \u00e0 laquelle doit vous parvenir la r\u00e9ponse. Une r\u00e9ponse vous sera alors adress\u00e9e dans un d\u00e9lai d\u20191 mois maximum \u00e0 compter de la r\u00e9ception de la demande.<\/p><p>\u00a0<\/p><p>\u00a0<\/p>\t\t\t\t\t\t\t\t<\/div>\n\t\t\t\t<div class=\"elementor-element elementor-element-93e07ec elementor-widget elementor-widget-heading\" data-id=\"93e07ec\" data-element_type=\"widget\" data-e-type=\"widget\" data-widget_type=\"heading.default\">\n\t\t\t\t\t<h2 class=\"elementor-heading-title elementor-size-default\">Article 5 - S\u00e9curit\u00e9<\/h2>\t\t\t\t<\/div>\n\t\t\t\t<div class=\"elementor-element elementor-element-fe5064f elementor-widget elementor-widget-text-editor\" data-id=\"fe5064f\" data-element_type=\"widget\" data-e-type=\"widget\" data-widget_type=\"text-editor.default\">\n\t\t\t\t\t\t\t\t\t<p>Pour prot\u00e9ger vos donn\u00e9es personnelles, nous prenons des pr\u00e9cautions raisonnables et suivons les meilleures pratiques de l\u2019industrie pour nous assurer qu\u2019elles ne soient pas perdues, d\u00e9tourn\u00e9es, consult\u00e9es, divulgu\u00e9es, modifi\u00e9es ou d\u00e9truites de mani\u00e8re inappropri\u00e9e.<\/p><p>Notre site est mis \u00e0 jour r\u00e9guli\u00e8rement et consult\u00e9 quotidiennement, il fait l\u2019objet d\u2019une s\u00e9curit\u00e9 avanc\u00e9e. Si vos donn\u00e9es devaient \u00eatre compromises de quelques mani\u00e8res que ce soit, nous sommes tenus d\u2019en informer la CNIL dans les 72h. Vous serez \u00e9galement tenu au courant de cet \u00e9ventuel incident et des mesures correctives mise en \u0153uvre.<\/p>\t\t\t\t\t\t\t\t<\/div>\n\t\t\t\t<div class=\"elementor-element elementor-element-a64ae90 elementor-widget elementor-widget-heading\" data-id=\"a64ae90\" data-element_type=\"widget\" data-e-type=\"widget\" data-widget_type=\"heading.default\">\n\t\t\t\t\t<h2 class=\"elementor-heading-title elementor-size-default\">Article 6 - Modifications apport\u00e9es \u00e0 lapr\u00e9sente politique de confidentialit\u00e9<\/h2>\t\t\t\t<\/div>\n\t\t\t\t<div class=\"elementor-element elementor-element-6f96e46 elementor-widget elementor-widget-text-editor\" data-id=\"6f96e46\" data-element_type=\"widget\" data-e-type=\"widget\" data-widget_type=\"text-editor.default\">\n\t\t\t\t\t\t\t\t\t<p>Nous nous r\u00e9servons le droit de modifier la pr\u00e9sente politique de confidentialit\u00e9 \u00e0 tout moment. Nous vous invitons donc \u00e0 la consulter fr\u00e9quemment. Les changements et les clarifications prendront effet imm\u00e9diatement apr\u00e8s leur publication sur le site web. Si nous apportons des changements au contenu de cette politique, nous vous aviserons de sa mise \u00e0 jour.<\/p>\t\t\t\t\t\t\t\t<\/div>\n\t\t\t\t\t<\/div>\n\t\t\t\t<\/div>\n\t\t\t\t<\/div>\n\t\t","protected":false},"excerpt":{"rendered":"<p>Politique de confidentialit\u00e9 En nous envoyant vos informations via le formulaire, vous reconnaissez avoir pris connaissance de notre Politique de [&hellip;]<\/p>\n","protected":false},"author":1,"featured_media":0,"parent":0,"menu_order":0,"comment_status":"closed","ping_status":"closed","template":"elementor_header_footer","meta":{"site-sidebar-layout":"no-sidebar","site-content-layout":"","ast-site-content-layout":"full-width-container","site-content-style":"default","site-sidebar-style":"default","ast-global-header-display":"","ast-banner-title-visibility":"","ast-main-header-display":"","ast-hfb-above-header-display":"","ast-hfb-below-header-display":"","ast-hfb-mobile-header-display":"","site-post-title":"","ast-breadcrumbs-content":"","ast-featured-img":"disabled","footer-sml-layout":"","ast-disable-related-posts":"","theme-transparent-header-meta":"","adv-header-id-meta":"","stick-header-meta":"","header-above-stick-meta":"","header-main-stick-meta":"","header-below-stick-meta":"","astra-migrate-meta-layouts":"default","ast-page-background-enabled":"default","ast-page-background-meta":{"desktop":{"background-color":"var(--ast-global-color-5)","background-image":"","background-repeat":"repeat","background-position":"center center","background-size":"auto","background-attachment":"scroll","background-type":"","background-media":"","overlay-type":"","overlay-color":"","overlay-opacity":"","overlay-gradient":""},"tablet":{"background-color":"","background-image":"","background-repeat":"repeat","background-position":"center center","background-size":"auto","background-attachment":"scroll","background-type":"","background-media":"","overlay-type":"","overlay-color":"","overlay-opacity":"","overlay-gradient":""},"mobile":{"background-color":"","background-image":"","background-repeat":"repeat","background-position":"center center","background-size":"auto","background-attachment":"scroll","background-type":"","background-media":"","overlay-type":"","overlay-color":"","overlay-opacity":"","overlay-gradient":""}},"ast-content-background-meta":{"desktop":{"background-color":"var(--ast-global-color-4)","background-image":"","background-repeat":"repeat","background-position":"center center","background-size":"auto","background-attachment":"scroll","background-type":"","background-media":"","overlay-type":"","overlay-color":"","overlay-opacity":"","overlay-gradient":""},"tablet":{"background-color":"var(--ast-global-color-4)","background-image":"","background-repeat":"repeat","background-position":"center center","background-size":"auto","background-attachment":"scroll","background-type":"","background-media":"","overlay-type":"","overlay-color":"","overlay-opacity":"","overlay-gradient":""},"mobile":{"background-color":"var(--ast-global-color-4)","background-image":"","background-repeat":"repeat","background-position":"center center","background-size":"auto","background-attachment":"scroll","background-type":"","background-media":"","overlay-type":"","overlay-color":"","overlay-opacity":"","overlay-gradient":""}},"footnotes":""},"class_list":["post-749","page","type-page","status-publish","hentry"],"_links":{"self":[{"href":"https:\/\/www.emerickblot.fr\/index.php?rest_route=\/wp\/v2\/pages\/749","targetHints":{"allow":["GET"]}}],"collection":[{"href":"https:\/\/www.emerickblot.fr\/index.php?rest_route=\/wp\/v2\/pages"}],"about":[{"href":"https:\/\/www.emerickblot.fr\/index.php?rest_route=\/wp\/v2\/types\/page"}],"author":[{"embeddable":true,"href":"https:\/\/www.emerickblot.fr\/index.php?rest_route=\/wp\/v2\/users\/1"}],"replies":[{"embeddable":true,"href":"https:\/\/www.emerickblot.fr\/index.php?rest_route=%2Fwp%2Fv2%2Fcomments&post=749"}],"version-history":[{"count":4,"href":"https:\/\/www.emerickblot.fr\/index.php?rest_route=\/wp\/v2\/pages\/749\/revisions"}],"predecessor-version":[{"id":753,"href":"https:\/\/www.emerickblot.fr\/index.php?rest_route=\/wp\/v2\/pages\/749\/revisions\/753"}],"wp:attachment":[{"href":"https:\/\/www.emerickblot.fr\/index.php?rest_route=%2Fwp%2Fv2%2Fmedia&parent=749"}],"curies":[{"name":"wp","href":"https:\/\/api.w.org\/{rel}","templated":true}]}}