{"id":474,"date":"2026-03-27T10:51:49","date_gmt":"2026-03-27T10:51:49","guid":{"rendered":"https:\/\/www.emerickblot.fr\/?page_id=474"},"modified":"2026-03-30T12:04:15","modified_gmt":"2026-03-30T12:04:15","slug":"donjon-trahison","status":"publish","type":"page","link":"https:\/\/www.emerickblot.fr\/?page_id=474","title":{"rendered":"Donjon Trahison"},"content":{"rendered":"\t\t<div data-elementor-type=\"wp-page\" data-elementor-id=\"474\" class=\"elementor elementor-474\" data-elementor-post-type=\"page\">\n\t\t\t\t<div class=\"elementor-element elementor-element-f3ee83f e-flex e-con-boxed e-con e-parent\" data-id=\"f3ee83f\" data-element_type=\"container\" data-e-type=\"container\">\n\t\t\t\t\t<div class=\"e-con-inner\">\n\t\t<div class=\"elementor-element elementor-element-01a51f6 e-con-full e-flex e-con e-child\" data-id=\"01a51f6\" data-element_type=\"container\" data-e-type=\"container\">\n\t\t\t\t<div class=\"elementor-element elementor-element-95f1984 elementor-widget elementor-widget-heading\" data-id=\"95f1984\" data-element_type=\"widget\" data-e-type=\"widget\" data-widget_type=\"heading.default\">\n\t\t\t\t\t<h2 class=\"elementor-heading-title elementor-size-default\">Fantasy d\u00e9jant\u00e9e<\/h2>\t\t\t\t<\/div>\n\t\t\t\t<div class=\"elementor-element elementor-element-8aabc5d elementor-widget elementor-widget-text-editor\" data-id=\"8aabc5d\" data-element_type=\"widget\" data-e-type=\"widget\" data-widget_type=\"text-editor.default\">\n\t\t\t\t\t\t\t\t\t<p><strong data-start=\"53\" data-end=\"72\">Donjon Trahison<\/strong> est un projet d\u2019illustration r\u00e9alis\u00e9 pour un jeu de cartes et de d\u00e9s en cours de d\u00e9marchage aupr\u00e8s d\u2019\u00e9diteurs.<\/p><p>J\u2019ai con\u00e7u l\u2019ensemble de l\u2019univers visuel du jeu, de l\u2019illustration des cartes \u00e0 la bo\u00eete, en passant par les visuels destin\u00e9s \u00e0 la communication sur les r\u00e9seaux sociaux.<\/p><p>Le projet d\u00e9veloppe un style cartoonesque dynamique, color\u00e9 et loufoque pens\u00e9 pour divertir \u00e0 la fois les petits et les grands.<\/p><p>\u00c0 travers cette direction artistique, l\u2019objectif \u00e9tait de cr\u00e9er diff\u00e9rentes sc\u00e8nes afin de\u00a0 plonger les joueurs dans une aventure pleine d\u2019humour, d\u2019action et de trahisons.<\/p>\t\t\t\t\t\t\t\t<\/div>\n\t\t\t\t<\/div>\n\t\t<div class=\"elementor-element elementor-element-4527258 e-con-full e-flex e-con e-child\" data-id=\"4527258\" data-element_type=\"container\" data-e-type=\"container\">\n\t\t\t\t<div class=\"elementor-element elementor-element-a28993e elementor-widget elementor-widget-image\" data-id=\"a28993e\" data-element_type=\"widget\" data-e-type=\"widget\" data-widget_type=\"image.default\">\n\t\t\t\t\t\t\t\t\t\t\t\t\t\t\t<img fetchpriority=\"high\" decoding=\"async\" width=\"1024\" height=\"1024\" src=\"https:\/\/www.emerickblot.fr\/wp-content\/uploads\/2026\/03\/donjon-trahison-box-1024x1024.webp\" class=\"attachment-large size-large wp-image-472\" alt=\"\" srcset=\"https:\/\/www.emerickblot.fr\/wp-content\/uploads\/2026\/03\/donjon-trahison-box-1024x1024.webp 1024w, https:\/\/www.emerickblot.fr\/wp-content\/uploads\/2026\/03\/donjon-trahison-box-300x300.webp 300w, https:\/\/www.emerickblot.fr\/wp-content\/uploads\/2026\/03\/donjon-trahison-box-150x150.webp 150w, https:\/\/www.emerickblot.fr\/wp-content\/uploads\/2026\/03\/donjon-trahison-box-768x768.webp 768w, https:\/\/www.emerickblot.fr\/wp-content\/uploads\/2026\/03\/donjon-trahison-box-1536x1536.webp 1536w, https:\/\/www.emerickblot.fr\/wp-content\/uploads\/2026\/03\/donjon-trahison-box-2048x2048.webp 2048w\" sizes=\"(max-width: 1024px) 100vw, 1024px\" \/>\t\t\t\t\t\t\t\t\t\t\t\t\t\t\t<\/div>\n\t\t\t\t<\/div>\n\t\t\t\t\t<\/div>\n\t\t\t\t<\/div>\n\t\t<div class=\"elementor-element elementor-element-a27cf3a e-flex e-con-boxed e-con e-parent\" data-id=\"a27cf3a\" data-element_type=\"container\" data-e-type=\"container\">\n\t\t\t\t\t<div class=\"e-con-inner\">\n\t\t\t\t<div class=\"elementor-element elementor-element-6726b9c elementor-widget elementor-widget-image\" data-id=\"6726b9c\" data-element_type=\"widget\" data-e-type=\"widget\" data-widget_type=\"image.default\">\n\t\t\t\t\t\t\t\t\t\t\t\t\t\t\t<img decoding=\"async\" width=\"768\" height=\"954\" src=\"https:\/\/www.emerickblot.fr\/wp-content\/uploads\/2026\/03\/cards05-768x954.webp\" class=\"attachment-medium_large size-medium_large wp-image-470\" alt=\"\" srcset=\"https:\/\/www.emerickblot.fr\/wp-content\/uploads\/2026\/03\/cards05-768x954.webp 768w, https:\/\/www.emerickblot.fr\/wp-content\/uploads\/2026\/03\/cards05-241x300.webp 241w, https:\/\/www.emerickblot.fr\/wp-content\/uploads\/2026\/03\/cards05-824x1024.webp 824w, https:\/\/www.emerickblot.fr\/wp-content\/uploads\/2026\/03\/cards05-1236x1536.webp 1236w, https:\/\/www.emerickblot.fr\/wp-content\/uploads\/2026\/03\/cards05-1648x2048.webp 1648w\" sizes=\"(max-width: 768px) 100vw, 768px\" \/>\t\t\t\t\t\t\t\t\t\t\t\t\t\t\t<\/div>\n\t\t\t\t<div class=\"elementor-element elementor-element-010bfc8 elementor-widget elementor-widget-image\" data-id=\"010bfc8\" data-element_type=\"widget\" data-e-type=\"widget\" data-widget_type=\"image.default\">\n\t\t\t\t\t\t\t\t\t\t\t\t\t\t\t<img decoding=\"async\" width=\"800\" height=\"800\" src=\"https:\/\/www.emerickblot.fr\/wp-content\/uploads\/2026\/03\/cards02.webp\" class=\"attachment-large size-large wp-image-467\" alt=\"\" srcset=\"https:\/\/www.emerickblot.fr\/wp-content\/uploads\/2026\/03\/cards02.webp 800w, https:\/\/www.emerickblot.fr\/wp-content\/uploads\/2026\/03\/cards02-300x300.webp 300w, https:\/\/www.emerickblot.fr\/wp-content\/uploads\/2026\/03\/cards02-150x150.webp 150w, https:\/\/www.emerickblot.fr\/wp-content\/uploads\/2026\/03\/cards02-768x768.webp 768w\" sizes=\"(max-width: 800px) 100vw, 800px\" \/>\t\t\t\t\t\t\t\t\t\t\t\t\t\t\t<\/div>\n\t\t\t\t<div class=\"elementor-element elementor-element-e72895f elementor-widget elementor-widget-image\" data-id=\"e72895f\" data-element_type=\"widget\" data-e-type=\"widget\" data-widget_type=\"image.default\">\n\t\t\t\t\t\t\t\t\t\t\t\t\t\t\t<img loading=\"lazy\" decoding=\"async\" width=\"800\" height=\"800\" src=\"https:\/\/www.emerickblot.fr\/wp-content\/uploads\/2026\/03\/cards04.webp\" class=\"attachment-large size-large wp-image-469\" alt=\"\" srcset=\"https:\/\/www.emerickblot.fr\/wp-content\/uploads\/2026\/03\/cards04.webp 800w, https:\/\/www.emerickblot.fr\/wp-content\/uploads\/2026\/03\/cards04-300x300.webp 300w, https:\/\/www.emerickblot.fr\/wp-content\/uploads\/2026\/03\/cards04-150x150.webp 150w, https:\/\/www.emerickblot.fr\/wp-content\/uploads\/2026\/03\/cards04-768x768.webp 768w\" sizes=\"(max-width: 800px) 100vw, 800px\" \/>\t\t\t\t\t\t\t\t\t\t\t\t\t\t\t<\/div>\n\t\t\t\t\t<\/div>\n\t\t\t\t<\/div>\n\t\t<div class=\"elementor-element elementor-element-8add20f e-flex e-con-boxed e-con e-parent\" data-id=\"8add20f\" data-element_type=\"container\" data-e-type=\"container\">\n\t\t\t\t\t<div class=\"e-con-inner\">\n\t\t<div class=\"elementor-element elementor-element-88a3113 e-con-full e-flex e-con e-child\" data-id=\"88a3113\" data-element_type=\"container\" data-e-type=\"container\">\n\t\t\t\t<div class=\"elementor-element elementor-element-f8ab283 elementor-widget elementor-widget-image\" data-id=\"f8ab283\" data-element_type=\"widget\" data-e-type=\"widget\" data-widget_type=\"image.default\">\n\t\t\t\t\t\t\t\t\t\t\t\t\t\t\t<img loading=\"lazy\" decoding=\"async\" width=\"800\" height=\"800\" src=\"https:\/\/www.emerickblot.fr\/wp-content\/uploads\/2026\/03\/PERSOS.gif\" class=\"attachment-large size-large wp-image-477\" alt=\"\" \/>\t\t\t\t\t\t\t\t\t\t\t\t\t\t\t<\/div>\n\t\t\t\t<\/div>\n\t\t<div class=\"elementor-element elementor-element-aaac26a e-con-full e-flex e-con e-child\" data-id=\"aaac26a\" data-element_type=\"container\" data-e-type=\"container\">\n\t\t\t\t<div class=\"elementor-element elementor-element-ddd2404 elementor-widget elementor-widget-heading\" data-id=\"ddd2404\" data-element_type=\"widget\" data-e-type=\"widget\" data-widget_type=\"heading.default\">\n\t\t\t\t\t<h2 class=\"elementor-heading-title elementor-size-default\">Des personnages \nhauts en couleurs<\/h2>\t\t\t\t<\/div>\n\t\t\t\t<div class=\"elementor-element elementor-element-5618439 elementor-widget elementor-widget-text-editor\" data-id=\"5618439\" data-element_type=\"widget\" data-e-type=\"widget\" data-widget_type=\"text-editor.default\">\n\t\t\t\t\t\t\t\t\t<p>La cr\u00e9ation des personnages qu&rsquo;incarnent chaque joueur s\u2019est appuy\u00e9e sur la volont\u00e9 de construire un univers\u00a0 accessible et dr\u00f4le. Chaque protagoniste a \u00e9t\u00e9 pens\u00e9 comme une silhouette forte, reconnaissable au premier regard, avec des st\u00e9r\u00e9otypes bien connus, des attitudes dynamiques et des d\u00e9tails qui renforcent leur personnalit\u00e9. L\u2019objectif \u00e9tait de donner naissance \u00e0 des personnages \u00e0 la fois attachants, maladroits et pleins d\u2019humour, afin de soutenir le ton cartoonesque du jeu et de donner envie aux joueurs de refaire une partie.<\/p>\t\t\t\t\t\t\t\t<\/div>\n\t\t\t\t<\/div>\n\t\t\t\t\t<\/div>\n\t\t\t\t<\/div>\n\t\t<div class=\"elementor-element elementor-element-494db1d e-flex e-con-boxed e-con e-parent\" data-id=\"494db1d\" data-element_type=\"container\" data-e-type=\"container\" data-settings=\"{&quot;background_background&quot;:&quot;classic&quot;}\">\n\t\t\t\t\t<div class=\"e-con-inner\">\n\t\t<div class=\"elementor-element elementor-element-c99dcf1 e-con-full e-flex e-con e-child\" data-id=\"c99dcf1\" data-element_type=\"container\" data-e-type=\"container\">\n\t\t\t\t<div class=\"elementor-element elementor-element-0dcc08f elementor-widget elementor-widget-image\" data-id=\"0dcc08f\" data-element_type=\"widget\" data-e-type=\"widget\" data-widget_type=\"image.default\">\n\t\t\t\t\t\t\t\t\t\t\t\t\t\t\t<img loading=\"lazy\" decoding=\"async\" width=\"800\" height=\"800\" src=\"https:\/\/www.emerickblot.fr\/wp-content\/uploads\/2026\/03\/Megamanite.webp\" class=\"attachment-large size-large wp-image-490\" alt=\"\" srcset=\"https:\/\/www.emerickblot.fr\/wp-content\/uploads\/2026\/03\/Megamanite.webp 800w, https:\/\/www.emerickblot.fr\/wp-content\/uploads\/2026\/03\/Megamanite-300x300.webp 300w, https:\/\/www.emerickblot.fr\/wp-content\/uploads\/2026\/03\/Megamanite-150x150.webp 150w, https:\/\/www.emerickblot.fr\/wp-content\/uploads\/2026\/03\/Megamanite-768x768.webp 768w\" sizes=\"(max-width: 800px) 100vw, 800px\" \/>\t\t\t\t\t\t\t\t\t\t\t\t\t\t\t<\/div>\n\t\t\t\t<\/div>\n\t\t<div class=\"elementor-element elementor-element-6ba6fb2 e-con-full e-flex e-con e-child\" data-id=\"6ba6fb2\" data-element_type=\"container\" data-e-type=\"container\">\n\t\t\t\t<div class=\"elementor-element elementor-element-7638462 elementor-widget elementor-widget-image\" data-id=\"7638462\" data-element_type=\"widget\" data-e-type=\"widget\" data-widget_type=\"image.default\">\n\t\t\t\t\t\t\t\t\t\t\t\t\t\t\t<img loading=\"lazy\" decoding=\"async\" width=\"800\" height=\"800\" src=\"https:\/\/www.emerickblot.fr\/wp-content\/uploads\/2026\/03\/feeblindee.webp\" class=\"attachment-large size-large wp-image-489\" alt=\"\" srcset=\"https:\/\/www.emerickblot.fr\/wp-content\/uploads\/2026\/03\/feeblindee.webp 800w, https:\/\/www.emerickblot.fr\/wp-content\/uploads\/2026\/03\/feeblindee-300x300.webp 300w, https:\/\/www.emerickblot.fr\/wp-content\/uploads\/2026\/03\/feeblindee-150x150.webp 150w, https:\/\/www.emerickblot.fr\/wp-content\/uploads\/2026\/03\/feeblindee-768x768.webp 768w\" sizes=\"(max-width: 800px) 100vw, 800px\" \/>\t\t\t\t\t\t\t\t\t\t\t\t\t\t\t<\/div>\n\t\t\t\t<\/div>\n\t\t<div class=\"elementor-element elementor-element-881d7dc e-con-full e-flex e-con e-child\" data-id=\"881d7dc\" data-element_type=\"container\" data-e-type=\"container\">\n\t\t\t\t<div class=\"elementor-element elementor-element-3a1ef9c elementor-widget elementor-widget-image\" data-id=\"3a1ef9c\" data-element_type=\"widget\" data-e-type=\"widget\" data-widget_type=\"image.default\">\n\t\t\t\t\t\t\t\t\t\t\t\t\t\t\t<img loading=\"lazy\" decoding=\"async\" width=\"800\" height=\"800\" src=\"https:\/\/www.emerickblot.fr\/wp-content\/uploads\/2026\/03\/bingobulots.webp\" class=\"attachment-large size-large wp-image-487\" alt=\"\" srcset=\"https:\/\/www.emerickblot.fr\/wp-content\/uploads\/2026\/03\/bingobulots.webp 800w, https:\/\/www.emerickblot.fr\/wp-content\/uploads\/2026\/03\/bingobulots-300x300.webp 300w, https:\/\/www.emerickblot.fr\/wp-content\/uploads\/2026\/03\/bingobulots-150x150.webp 150w, https:\/\/www.emerickblot.fr\/wp-content\/uploads\/2026\/03\/bingobulots-768x768.webp 768w\" sizes=\"(max-width: 800px) 100vw, 800px\" \/>\t\t\t\t\t\t\t\t\t\t\t\t\t\t\t<\/div>\n\t\t\t\t<\/div>\n\t\t<div class=\"elementor-element elementor-element-f133c6b e-con-full e-flex e-con e-child\" data-id=\"f133c6b\" data-element_type=\"container\" data-e-type=\"container\">\n\t\t\t\t<div class=\"elementor-element elementor-element-c1798a0 elementor-widget elementor-widget-image\" data-id=\"c1798a0\" data-element_type=\"widget\" data-e-type=\"widget\" data-widget_type=\"image.default\">\n\t\t\t\t\t\t\t\t\t\t\t\t\t\t\t<img loading=\"lazy\" decoding=\"async\" width=\"800\" height=\"800\" src=\"https:\/\/www.emerickblot.fr\/wp-content\/uploads\/2026\/03\/bombe.webp\" class=\"attachment-large size-large wp-image-488\" alt=\"\" srcset=\"https:\/\/www.emerickblot.fr\/wp-content\/uploads\/2026\/03\/bombe.webp 800w, https:\/\/www.emerickblot.fr\/wp-content\/uploads\/2026\/03\/bombe-300x300.webp 300w, https:\/\/www.emerickblot.fr\/wp-content\/uploads\/2026\/03\/bombe-150x150.webp 150w, https:\/\/www.emerickblot.fr\/wp-content\/uploads\/2026\/03\/bombe-768x768.webp 768w\" sizes=\"(max-width: 800px) 100vw, 800px\" \/>\t\t\t\t\t\t\t\t\t\t\t\t\t\t\t<\/div>\n\t\t\t\t<\/div>\n\t\t<div class=\"elementor-element elementor-element-5684a2e e-con-full e-flex e-con e-child\" data-id=\"5684a2e\" data-element_type=\"container\" data-e-type=\"container\">\n\t\t\t\t<div class=\"elementor-element elementor-element-f131309 elementor-widget elementor-widget-image\" data-id=\"f131309\" data-element_type=\"widget\" data-e-type=\"widget\" data-widget_type=\"image.default\">\n\t\t\t\t\t\t\t\t\t\t\t\t\t\t\t<img loading=\"lazy\" decoding=\"async\" width=\"800\" height=\"800\" src=\"https:\/\/www.emerickblot.fr\/wp-content\/uploads\/2026\/03\/antecreviathan.webp\" class=\"attachment-large size-large wp-image-485\" alt=\"\" srcset=\"https:\/\/www.emerickblot.fr\/wp-content\/uploads\/2026\/03\/antecreviathan.webp 800w, https:\/\/www.emerickblot.fr\/wp-content\/uploads\/2026\/03\/antecreviathan-300x300.webp 300w, https:\/\/www.emerickblot.fr\/wp-content\/uploads\/2026\/03\/antecreviathan-150x150.webp 150w, https:\/\/www.emerickblot.fr\/wp-content\/uploads\/2026\/03\/antecreviathan-768x768.webp 768w\" sizes=\"(max-width: 800px) 100vw, 800px\" \/>\t\t\t\t\t\t\t\t\t\t\t\t\t\t\t<\/div>\n\t\t\t\t<\/div>\n\t\t<div class=\"elementor-element elementor-element-88b046c e-con-full e-flex e-con e-child\" data-id=\"88b046c\" data-element_type=\"container\" data-e-type=\"container\">\n\t\t\t\t<div class=\"elementor-element elementor-element-d1d47a2 elementor-widget elementor-widget-image\" data-id=\"d1d47a2\" data-element_type=\"widget\" data-e-type=\"widget\" data-widget_type=\"image.default\">\n\t\t\t\t\t\t\t\t\t\t\t\t\t\t\t<img loading=\"lazy\" decoding=\"async\" width=\"800\" height=\"800\" src=\"https:\/\/www.emerickblot.fr\/wp-content\/uploads\/2026\/03\/Barikong.webp\" class=\"attachment-large size-large wp-image-486\" alt=\"\" srcset=\"https:\/\/www.emerickblot.fr\/wp-content\/uploads\/2026\/03\/Barikong.webp 800w, https:\/\/www.emerickblot.fr\/wp-content\/uploads\/2026\/03\/Barikong-300x300.webp 300w, https:\/\/www.emerickblot.fr\/wp-content\/uploads\/2026\/03\/Barikong-150x150.webp 150w, https:\/\/www.emerickblot.fr\/wp-content\/uploads\/2026\/03\/Barikong-768x768.webp 768w\" sizes=\"(max-width: 800px) 100vw, 800px\" \/>\t\t\t\t\t\t\t\t\t\t\t\t\t\t\t<\/div>\n\t\t\t\t<\/div>\n\t\t\t\t\t<\/div>\n\t\t\t\t<\/div>\n\t\t<div class=\"elementor-element elementor-element-3e2d813 e-flex e-con-boxed e-con e-parent\" data-id=\"3e2d813\" data-element_type=\"container\" data-e-type=\"container\">\n\t\t\t\t\t<div class=\"e-con-inner\">\n\t\t<div class=\"elementor-element elementor-element-9b76abc e-con-full e-flex e-con e-child\" data-id=\"9b76abc\" data-element_type=\"container\" data-e-type=\"container\">\n\t\t\t\t<div class=\"elementor-element elementor-element-c4cf4ad elementor-widget elementor-widget-heading\" data-id=\"c4cf4ad\" data-element_type=\"widget\" data-e-type=\"widget\" data-widget_type=\"heading.default\">\n\t\t\t\t\t<h2 class=\"elementor-heading-title elementor-size-default\">humour &amp; dynamisme<\/h2>\t\t\t\t<\/div>\n\t\t\t\t<div class=\"elementor-element elementor-element-7ec4067 elementor-widget elementor-widget-text-editor\" data-id=\"7ec4067\" data-element_type=\"widget\" data-e-type=\"widget\" data-widget_type=\"text-editor.default\">\n\t\t\t\t\t\t\t\t\t<p>Ce travail s\u2019est prolong\u00e9 dans la cr\u00e9ation des cartes, avec la volont\u00e9 d\u2019aller vers des situations plus loufoques et plus impr\u00e9visibles. Chaque illustration devait raconter une mini sc\u00e8ne, presque comme un gag visuel, capable de renforcer l\u2019esprit de trahison et de rebondissement propre au jeu. L\u2019enjeu \u00e9tait de trouver le bon \u00e9quilibre entre clart\u00e9 de lecture, efficacit\u00e9 en jeu et \u00e9nergie cartoon.<\/p><p>L\u2019ambiance g\u00e9n\u00e9rale a donc \u00e9t\u00e9 pens\u00e9e dans une logique de d\u00e9lire assum\u00e9. Plut\u00f4t que de rester dans une fantasy classique, j\u2019ai cherch\u00e9 \u00e0 d\u00e9tourner ses codes avec des personnages expressifs, des postures th\u00e9\u00e2trales et des images qui misent sur l\u2019exag\u00e9ration. Cet aspect donne au jeu une identit\u00e9 plus vivante, plus fun.<\/p>\t\t\t\t\t\t\t\t<\/div>\n\t\t\t\t<\/div>\n\t\t<div class=\"elementor-element elementor-element-acfd2a6 e-con-full e-flex e-con e-child\" data-id=\"acfd2a6\" data-element_type=\"container\" data-e-type=\"container\">\n\t\t\t\t<div class=\"elementor-element elementor-element-ff9aef1 elementor-widget elementor-widget-image\" data-id=\"ff9aef1\" data-element_type=\"widget\" data-e-type=\"widget\" data-widget_type=\"image.default\">\n\t\t\t\t\t\t\t\t\t\t\t\t\t\t\t<img loading=\"lazy\" decoding=\"async\" width=\"800\" height=\"800\" src=\"https:\/\/www.emerickblot.fr\/wp-content\/uploads\/2026\/03\/sharkwall.webp\" class=\"attachment-large size-large wp-image-491\" alt=\"\" srcset=\"https:\/\/www.emerickblot.fr\/wp-content\/uploads\/2026\/03\/sharkwall.webp 800w, https:\/\/www.emerickblot.fr\/wp-content\/uploads\/2026\/03\/sharkwall-300x300.webp 300w, https:\/\/www.emerickblot.fr\/wp-content\/uploads\/2026\/03\/sharkwall-150x150.webp 150w, https:\/\/www.emerickblot.fr\/wp-content\/uploads\/2026\/03\/sharkwall-768x768.webp 768w\" sizes=\"(max-width: 800px) 100vw, 800px\" \/>\t\t\t\t\t\t\t\t\t\t\t\t\t\t\t<\/div>\n\t\t\t\t<\/div>\n\t\t\t\t\t<\/div>\n\t\t\t\t<\/div>\n\t\t<div class=\"elementor-element elementor-element-eac99c2 e-flex e-con-boxed e-con e-parent\" data-id=\"eac99c2\" data-element_type=\"container\" data-e-type=\"container\" data-settings=\"{&quot;background_background&quot;:&quot;classic&quot;}\">\n\t\t\t\t\t<div class=\"e-con-inner\">\n\t\t\t\t<div class=\"elementor-element elementor-element-6872234 elementor-widget elementor-widget-image\" data-id=\"6872234\" data-element_type=\"widget\" data-e-type=\"widget\" data-widget_type=\"image.default\">\n\t\t\t\t\t\t\t\t\t\t\t\t\t\t\t<img loading=\"lazy\" decoding=\"async\" width=\"800\" height=\"800\" src=\"https:\/\/www.emerickblot.fr\/wp-content\/uploads\/2026\/03\/CARDS_EMBUSCADE.webp\" class=\"attachment-large size-large wp-image-645\" alt=\"\" srcset=\"https:\/\/www.emerickblot.fr\/wp-content\/uploads\/2026\/03\/CARDS_EMBUSCADE.webp 800w, https:\/\/www.emerickblot.fr\/wp-content\/uploads\/2026\/03\/CARDS_EMBUSCADE-300x300.webp 300w, https:\/\/www.emerickblot.fr\/wp-content\/uploads\/2026\/03\/CARDS_EMBUSCADE-150x150.webp 150w, https:\/\/www.emerickblot.fr\/wp-content\/uploads\/2026\/03\/CARDS_EMBUSCADE-768x768.webp 768w\" sizes=\"(max-width: 800px) 100vw, 800px\" \/>\t\t\t\t\t\t\t\t\t\t\t\t\t\t\t<\/div>\n\t\t\t\t<div class=\"elementor-element elementor-element-8b99c7c elementor-widget elementor-widget-image\" data-id=\"8b99c7c\" data-element_type=\"widget\" data-e-type=\"widget\" data-widget_type=\"image.default\">\n\t\t\t\t\t\t\t\t\t\t\t\t\t\t\t<img loading=\"lazy\" decoding=\"async\" width=\"800\" height=\"800\" src=\"https:\/\/www.emerickblot.fr\/wp-content\/uploads\/2026\/03\/CARDS_SORTILEGES.webp\" class=\"attachment-large size-large wp-image-647\" alt=\"\" srcset=\"https:\/\/www.emerickblot.fr\/wp-content\/uploads\/2026\/03\/CARDS_SORTILEGES.webp 800w, https:\/\/www.emerickblot.fr\/wp-content\/uploads\/2026\/03\/CARDS_SORTILEGES-300x300.webp 300w, https:\/\/www.emerickblot.fr\/wp-content\/uploads\/2026\/03\/CARDS_SORTILEGES-150x150.webp 150w, https:\/\/www.emerickblot.fr\/wp-content\/uploads\/2026\/03\/CARDS_SORTILEGES-768x768.webp 768w\" sizes=\"(max-width: 800px) 100vw, 800px\" \/>\t\t\t\t\t\t\t\t\t\t\t\t\t\t\t<\/div>\n\t\t\t\t<div class=\"elementor-element elementor-element-f403323 elementor-widget elementor-widget-image\" data-id=\"f403323\" data-element_type=\"widget\" data-e-type=\"widget\" data-widget_type=\"image.default\">\n\t\t\t\t\t\t\t\t\t\t\t\t\t\t\t<img loading=\"lazy\" decoding=\"async\" width=\"800\" height=\"800\" src=\"https:\/\/www.emerickblot.fr\/wp-content\/uploads\/2026\/03\/CARDS_MONSTRES-11.webp\" class=\"attachment-large size-large wp-image-646\" alt=\"\" srcset=\"https:\/\/www.emerickblot.fr\/wp-content\/uploads\/2026\/03\/CARDS_MONSTRES-11.webp 800w, https:\/\/www.emerickblot.fr\/wp-content\/uploads\/2026\/03\/CARDS_MONSTRES-11-300x300.webp 300w, https:\/\/www.emerickblot.fr\/wp-content\/uploads\/2026\/03\/CARDS_MONSTRES-11-150x150.webp 150w, https:\/\/www.emerickblot.fr\/wp-content\/uploads\/2026\/03\/CARDS_MONSTRES-11-768x768.webp 768w\" sizes=\"(max-width: 800px) 100vw, 800px\" \/>\t\t\t\t\t\t\t\t\t\t\t\t\t\t\t<\/div>\n\t\t\t\t\t<\/div>\n\t\t\t\t<\/div>\n\t\t\t\t<\/div>\n\t\t","protected":false},"excerpt":{"rendered":"<p>Fantasy d\u00e9jant\u00e9e Donjon Trahison est un projet d\u2019illustration r\u00e9alis\u00e9 pour un jeu de cartes et de d\u00e9s en cours de [&hellip;]<\/p>\n","protected":false},"author":1,"featured_media":0,"parent":0,"menu_order":0,"comment_status":"closed","ping_status":"closed","template":"","meta":{"site-sidebar-layout":"no-sidebar","site-content-layout":"","ast-site-content-layout":"full-width-container","site-content-style":"default","site-sidebar-style":"default","ast-global-header-display":"","ast-banner-title-visibility":"","ast-main-header-display":"","ast-hfb-above-header-display":"","ast-hfb-below-header-display":"","ast-hfb-mobile-header-display":"","site-post-title":"disabled","ast-breadcrumbs-content":"","ast-featured-img":"disabled","footer-sml-layout":"","ast-disable-related-posts":"","theme-transparent-header-meta":"","adv-header-id-meta":"","stick-header-meta":"","header-above-stick-meta":"","header-main-stick-meta":"","header-below-stick-meta":"","astra-migrate-meta-layouts":"default","ast-page-background-enabled":"default","ast-page-background-meta":{"desktop":{"background-color":"var(--ast-global-color-5)","background-image":"","background-repeat":"repeat","background-position":"center center","background-size":"auto","background-attachment":"scroll","background-type":"","background-media":"","overlay-type":"","overlay-color":"","overlay-opacity":"","overlay-gradient":""},"tablet":{"background-color":"","background-image":"","background-repeat":"repeat","background-position":"center center","background-size":"auto","background-attachment":"scroll","background-type":"","background-media":"","overlay-type":"","overlay-color":"","overlay-opacity":"","overlay-gradient":""},"mobile":{"background-color":"","background-image":"","background-repeat":"repeat","background-position":"center center","background-size":"auto","background-attachment":"scroll","background-type":"","background-media":"","overlay-type":"","overlay-color":"","overlay-opacity":"","overlay-gradient":""}},"ast-content-background-meta":{"desktop":{"background-color":"var(--ast-global-color-4)","background-image":"","background-repeat":"repeat","background-position":"center center","background-size":"auto","background-attachment":"scroll","background-type":"","background-media":"","overlay-type":"","overlay-color":"","overlay-opacity":"","overlay-gradient":""},"tablet":{"background-color":"var(--ast-global-color-4)","background-image":"","background-repeat":"repeat","background-position":"center center","background-size":"auto","background-attachment":"scroll","background-type":"","background-media":"","overlay-type":"","overlay-color":"","overlay-opacity":"","overlay-gradient":""},"mobile":{"background-color":"var(--ast-global-color-4)","background-image":"","background-repeat":"repeat","background-position":"center center","background-size":"auto","background-attachment":"scroll","background-type":"","background-media":"","overlay-type":"","overlay-color":"","overlay-opacity":"","overlay-gradient":""}},"footnotes":""},"class_list":["post-474","page","type-page","status-publish","hentry"],"_links":{"self":[{"href":"https:\/\/www.emerickblot.fr\/index.php?rest_route=\/wp\/v2\/pages\/474","targetHints":{"allow":["GET"]}}],"collection":[{"href":"https:\/\/www.emerickblot.fr\/index.php?rest_route=\/wp\/v2\/pages"}],"about":[{"href":"https:\/\/www.emerickblot.fr\/index.php?rest_route=\/wp\/v2\/types\/page"}],"author":[{"embeddable":true,"href":"https:\/\/www.emerickblot.fr\/index.php?rest_route=\/wp\/v2\/users\/1"}],"replies":[{"embeddable":true,"href":"https:\/\/www.emerickblot.fr\/index.php?rest_route=%2Fwp%2Fv2%2Fcomments&post=474"}],"version-history":[{"count":23,"href":"https:\/\/www.emerickblot.fr\/index.php?rest_route=\/wp\/v2\/pages\/474\/revisions"}],"predecessor-version":[{"id":665,"href":"https:\/\/www.emerickblot.fr\/index.php?rest_route=\/wp\/v2\/pages\/474\/revisions\/665"}],"wp:attachment":[{"href":"https:\/\/www.emerickblot.fr\/index.php?rest_route=%2Fwp%2Fv2%2Fmedia&parent=474"}],"curies":[{"name":"wp","href":"https:\/\/api.w.org\/{rel}","templated":true}]}}