{"id":441,"date":"2026-03-26T21:38:22","date_gmt":"2026-03-26T21:38:22","guid":{"rendered":"https:\/\/www.emerickblot.fr\/?page_id=441"},"modified":"2026-04-08T09:14:29","modified_gmt":"2026-04-08T09:14:29","slug":"projets-illus","status":"publish","type":"page","link":"https:\/\/www.emerickblot.fr\/?page_id=441","title":{"rendered":"Projets ILLUS"},"content":{"rendered":"\t\t<div data-elementor-type=\"wp-page\" data-elementor-id=\"441\" class=\"elementor elementor-441\" data-elementor-post-type=\"page\">\n\t\t\t\t<div class=\"elementor-element elementor-element-163a5e5 e-flex e-con-boxed e-con e-parent\" data-id=\"163a5e5\" data-element_type=\"container\" data-e-type=\"container\">\n\t\t\t\t\t<div class=\"e-con-inner\">\n\t\t\t\t<div class=\"elementor-element elementor-element-abf1bbf elementor-widget elementor-widget-heading\" data-id=\"abf1bbf\" data-element_type=\"widget\" data-e-type=\"widget\" data-widget_type=\"heading.default\">\n\t\t\t\t\t<h2 class=\"elementor-heading-title elementor-size-default\">Projets illustration<\/h2>\t\t\t\t<\/div>\n\t\t\t\t\t<\/div>\n\t\t\t\t<\/div>\n\t\t<div class=\"elementor-element elementor-element-59d5976 e-flex e-con-boxed e-con e-parent\" data-id=\"59d5976\" data-element_type=\"container\" data-e-type=\"container\">\n\t\t\t\t\t<div class=\"e-con-inner\">\n\t\t\t\t<div class=\"elementor-element elementor-element-21a39a9 elementor-widget elementor-widget-text-editor\" data-id=\"21a39a9\" data-element_type=\"widget\" data-e-type=\"widget\" data-widget_type=\"text-editor.default\">\n\t\t\t\t\t\t\t\t\t<p>Cette section rassemble mes travaux d\u2019illustration, pens\u00e9s pour servir un univers, renforcer une narration et apporter une dimension visuelle forte \u00e0 chaque projet.<\/p>\t\t\t\t\t\t\t\t<\/div>\n\t\t\t\t\t<\/div>\n\t\t\t\t<\/div>\n\t\t<div class=\"elementor-element elementor-element-b4c86f9 e-flex e-con-boxed e-con e-parent\" data-id=\"b4c86f9\" data-element_type=\"container\" data-e-type=\"container\">\n\t\t\t\t\t<div class=\"e-con-inner\">\n\t\t<div class=\"elementor-element elementor-element-717f150 e-con-full e-flex e-con e-child\" data-id=\"717f150\" data-element_type=\"container\" data-e-type=\"container\">\n\t\t<div class=\"elementor-element elementor-element-2209803 e-con-full e-flex e-con e-child\" data-id=\"2209803\" data-element_type=\"container\" data-e-type=\"container\">\n\t\t\t\t<div class=\"elementor-element elementor-element-442e606 elementor-widget elementor-widget-image\" data-id=\"442e606\" data-element_type=\"widget\" data-e-type=\"widget\" data-widget_type=\"image.default\">\n\t\t\t\t\t\t\t\t\t\t\t\t\t\t\t\t<a href=\"https:\/\/www.emerickblot.fr\/?page_id=474\">\n\t\t\t\t\t\t\t<img fetchpriority=\"high\" decoding=\"async\" width=\"1024\" height=\"1024\" src=\"https:\/\/www.emerickblot.fr\/wp-content\/uploads\/2026\/03\/donjon-trahison-box-1024x1024.webp\" class=\"elementor-animation-shrink attachment-large size-large wp-image-472\" alt=\"\" srcset=\"https:\/\/www.emerickblot.fr\/wp-content\/uploads\/2026\/03\/donjon-trahison-box-1024x1024.webp 1024w, https:\/\/www.emerickblot.fr\/wp-content\/uploads\/2026\/03\/donjon-trahison-box-300x300.webp 300w, https:\/\/www.emerickblot.fr\/wp-content\/uploads\/2026\/03\/donjon-trahison-box-150x150.webp 150w, https:\/\/www.emerickblot.fr\/wp-content\/uploads\/2026\/03\/donjon-trahison-box-768x768.webp 768w, https:\/\/www.emerickblot.fr\/wp-content\/uploads\/2026\/03\/donjon-trahison-box-1536x1536.webp 1536w, https:\/\/www.emerickblot.fr\/wp-content\/uploads\/2026\/03\/donjon-trahison-box-2048x2048.webp 2048w\" sizes=\"(max-width: 1024px) 100vw, 1024px\" \/>\t\t\t\t\t\t\t\t<\/a>\n\t\t\t\t\t\t\t\t\t\t\t\t\t\t\t<\/div>\n\t\t\t\t<div class=\"elementor-element elementor-element-530d6aa elementor-widget elementor-widget-heading\" data-id=\"530d6aa\" data-element_type=\"widget\" data-e-type=\"widget\" data-widget_type=\"heading.default\">\n\t\t\t\t\t<h2 class=\"elementor-heading-title elementor-size-default\">Jeu de soci\u00e9t\u00e9<\/h2>\t\t\t\t<\/div>\n\t\t\t\t<div class=\"elementor-element elementor-element-033d22e elementor-widget elementor-widget-text-editor\" data-id=\"033d22e\" data-element_type=\"widget\" data-e-type=\"widget\" data-widget_type=\"text-editor.default\">\n\t\t\t\t\t\t\t\t\t<p>Cr\u00e9ation de l&rsquo;univers graphique du jeu Donjon Trahison. 3-8 joueurs de 7 \u00e0 127 ans. Cr\u00e9ations de la bo\u00eete, des cartes, des visuels r\u00e9seaux etc. <strong><a href=\"https:\/\/www.emerickblot.fr\/?page_id=474\">Voir plus<\/a><\/strong><\/p>\t\t\t\t\t\t\t\t<\/div>\n\t\t\t\t<\/div>\n\t\t<div class=\"elementor-element elementor-element-b24e49d e-con-full e-flex e-con e-child\" data-id=\"b24e49d\" data-element_type=\"container\" data-e-type=\"container\">\n\t\t\t\t<div class=\"elementor-element elementor-element-1fd547b elementor-widget elementor-widget-image\" data-id=\"1fd547b\" data-element_type=\"widget\" data-e-type=\"widget\" data-widget_type=\"image.default\">\n\t\t\t\t\t\t\t\t\t\t\t\t\t\t\t\t<a href=\"https:\/\/www.emerickblot.fr\/?page_id=278\">\n\t\t\t\t\t\t\t<img decoding=\"async\" width=\"1024\" height=\"1024\" src=\"https:\/\/www.emerickblot.fr\/wp-content\/uploads\/2026\/03\/Kaboom_vilain-1024x1024.png\" class=\"elementor-animation-shrink attachment-large size-large wp-image-454\" alt=\"\" srcset=\"https:\/\/www.emerickblot.fr\/wp-content\/uploads\/2026\/03\/Kaboom_vilain-1024x1024.png 1024w, https:\/\/www.emerickblot.fr\/wp-content\/uploads\/2026\/03\/Kaboom_vilain-300x300.png 300w, https:\/\/www.emerickblot.fr\/wp-content\/uploads\/2026\/03\/Kaboom_vilain-150x150.png 150w, https:\/\/www.emerickblot.fr\/wp-content\/uploads\/2026\/03\/Kaboom_vilain-768x768.png 768w, https:\/\/www.emerickblot.fr\/wp-content\/uploads\/2026\/03\/Kaboom_vilain-1536x1536.png 1536w, https:\/\/www.emerickblot.fr\/wp-content\/uploads\/2026\/03\/Kaboom_vilain.png 2048w\" sizes=\"(max-width: 1024px) 100vw, 1024px\" \/>\t\t\t\t\t\t\t\t<\/a>\n\t\t\t\t\t\t\t\t\t\t\t\t\t\t\t<\/div>\n\t\t\t\t<div class=\"elementor-element elementor-element-703a1df elementor-widget elementor-widget-heading\" data-id=\"703a1df\" data-element_type=\"widget\" data-e-type=\"widget\" data-widget_type=\"heading.default\">\n\t\t\t\t\t<h2 class=\"elementor-heading-title elementor-size-default\">Kaboom box <\/h2>\t\t\t\t<\/div>\n\t\t\t\t<div class=\"elementor-element elementor-element-2d49984 elementor-widget elementor-widget-text-editor\" data-id=\"2d49984\" data-element_type=\"widget\" data-e-type=\"widget\" data-widget_type=\"text-editor.default\">\n\t\t\t\t\t\t\t\t\t<p>Cr\u00e9ation d&rsquo;une mascotte pour la gamme \u00ab\u00a0VILAIN\u00a0\u00bb de Kaboom Box<\/p>\t\t\t\t\t\t\t\t<\/div>\n\t\t\t\t<\/div>\n\t\t<div class=\"elementor-element elementor-element-ef0f526 e-con-full e-flex e-con e-child\" data-id=\"ef0f526\" data-element_type=\"container\" data-e-type=\"container\">\n\t\t\t\t<div class=\"elementor-element elementor-element-472d34f elementor-widget elementor-widget-image\" data-id=\"472d34f\" data-element_type=\"widget\" data-e-type=\"widget\" data-widget_type=\"image.default\">\n\t\t\t\t\t\t\t\t\t\t\t\t\t\t\t\t<a href=\"http:\/\/www.emerickblot.fr\/wp-content\/uploads\/2026\/03\/Kaboom_heros.png\" data-elementor-open-lightbox=\"yes\" data-elementor-lightbox-title=\"Mascotte pour Kaboom Box\" data-e-action-hash=\"#elementor-action%3Aaction%3Dlightbox%26settings%3DeyJpZCI6NDUzLCJ1cmwiOiJodHRwczpcL1wvd3d3LmVtZXJpY2tibG90LmZyXC93cC1jb250ZW50XC91cGxvYWRzXC8yMDI2XC8wM1wvS2Fib29tX2hlcm9zLnBuZyJ9\">\n\t\t\t\t\t\t\t<img decoding=\"async\" width=\"1024\" height=\"1024\" src=\"https:\/\/www.emerickblot.fr\/wp-content\/uploads\/2026\/03\/Kaboom_heros-1024x1024.png\" class=\"elementor-animation-shrink attachment-large size-large wp-image-453\" alt=\"\" srcset=\"https:\/\/www.emerickblot.fr\/wp-content\/uploads\/2026\/03\/Kaboom_heros-1024x1024.png 1024w, https:\/\/www.emerickblot.fr\/wp-content\/uploads\/2026\/03\/Kaboom_heros-300x300.png 300w, https:\/\/www.emerickblot.fr\/wp-content\/uploads\/2026\/03\/Kaboom_heros-150x150.png 150w, https:\/\/www.emerickblot.fr\/wp-content\/uploads\/2026\/03\/Kaboom_heros-768x768.png 768w, https:\/\/www.emerickblot.fr\/wp-content\/uploads\/2026\/03\/Kaboom_heros-1536x1536.png 1536w, https:\/\/www.emerickblot.fr\/wp-content\/uploads\/2026\/03\/Kaboom_heros.png 2048w\" sizes=\"(max-width: 1024px) 100vw, 1024px\" \/>\t\t\t\t\t\t\t\t<\/a>\n\t\t\t\t\t\t\t\t\t\t\t\t\t\t\t<\/div>\n\t\t\t\t<div class=\"elementor-element elementor-element-d991cdd elementor-widget elementor-widget-heading\" data-id=\"d991cdd\" data-element_type=\"widget\" data-e-type=\"widget\" data-widget_type=\"heading.default\">\n\t\t\t\t\t<h2 class=\"elementor-heading-title elementor-size-default\">Kaboom Box<\/h2>\t\t\t\t<\/div>\n\t\t\t\t<div class=\"elementor-element elementor-element-9d6893f elementor-widget elementor-widget-text-editor\" data-id=\"9d6893f\" data-element_type=\"widget\" data-e-type=\"widget\" data-widget_type=\"text-editor.default\">\n\t\t\t\t\t\t\t\t\t<p>Cr\u00e9ation d&rsquo;une mascotte pour la gamme \u00ab\u00a0HERO\u00a0\u00bb de Kaboom Box<\/p>\t\t\t\t\t\t\t\t<\/div>\n\t\t\t\t<\/div>\n\t\t<div class=\"elementor-element elementor-element-0c37b4d e-con-full e-flex e-con e-child\" data-id=\"0c37b4d\" data-element_type=\"container\" data-e-type=\"container\">\n\t\t\t\t<div class=\"elementor-element elementor-element-c9c2e07 elementor-widget elementor-widget-image\" data-id=\"c9c2e07\" data-element_type=\"widget\" data-e-type=\"widget\" data-widget_type=\"image.default\">\n\t\t\t\t\t\t\t\t\t\t\t\t\t\t\t\t<a href=\"http:\/\/www.emerickblot.fr\/wp-content\/uploads\/2026\/03\/JURASSIC-PARK-POSTER-2.jpg\" data-elementor-open-lightbox=\"yes\" data-elementor-lightbox-title=\"Poster Jurassic Park\" data-e-action-hash=\"#elementor-action%3Aaction%3Dlightbox%26settings%3DeyJpZCI6NDQ4LCJ1cmwiOiJodHRwczpcL1wvd3d3LmVtZXJpY2tibG90LmZyXC93cC1jb250ZW50XC91cGxvYWRzXC8yMDI2XC8wM1wvSlVSQVNTSUMtUEFSSy1QT1NURVItMi5qcGcifQ%3D%3D\">\n\t\t\t\t\t\t\t<img loading=\"lazy\" decoding=\"async\" width=\"595\" height=\"842\" src=\"https:\/\/www.emerickblot.fr\/wp-content\/uploads\/2026\/03\/JURASSIC-PARK-POSTER-2.jpg\" class=\"elementor-animation-shrink attachment-large size-large wp-image-448\" alt=\"\" srcset=\"https:\/\/www.emerickblot.fr\/wp-content\/uploads\/2026\/03\/JURASSIC-PARK-POSTER-2.jpg 595w, https:\/\/www.emerickblot.fr\/wp-content\/uploads\/2026\/03\/JURASSIC-PARK-POSTER-2-212x300.jpg 212w\" sizes=\"(max-width: 595px) 100vw, 595px\" \/>\t\t\t\t\t\t\t\t<\/a>\n\t\t\t\t\t\t\t\t\t\t\t\t\t\t\t<\/div>\n\t\t\t\t<div class=\"elementor-element elementor-element-ca55fc2 elementor-widget elementor-widget-heading\" data-id=\"ca55fc2\" data-element_type=\"widget\" data-e-type=\"widget\" data-widget_type=\"heading.default\">\n\t\t\t\t\t<h2 class=\"elementor-heading-title elementor-size-default\">ISLA NUBLAR<\/h2>\t\t\t\t<\/div>\n\t\t\t\t<div class=\"elementor-element elementor-element-561902b elementor-widget elementor-widget-text-editor\" data-id=\"561902b\" data-element_type=\"widget\" data-e-type=\"widget\" data-widget_type=\"text-editor.default\">\n\t\t\t\t\t\t\t\t\t<p>Affiche poster sur le th\u00e8me du film Jurassic Park<\/p>\t\t\t\t\t\t\t\t<\/div>\n\t\t\t\t<\/div>\n\t\t<div class=\"elementor-element elementor-element-27fd00d e-con-full e-flex e-con e-child\" data-id=\"27fd00d\" data-element_type=\"container\" data-e-type=\"container\">\n\t\t\t\t<div class=\"elementor-element elementor-element-324a421 elementor-widget elementor-widget-image\" data-id=\"324a421\" data-element_type=\"widget\" data-e-type=\"widget\" data-widget_type=\"image.default\">\n\t\t\t\t\t\t\t\t\t\t\t\t\t\t\t\t<a href=\"http:\/\/www.emerickblot.fr\/wp-content\/uploads\/2026\/03\/STILLWAITING-1.jpg\" data-elementor-open-lightbox=\"yes\" data-elementor-lightbox-title=\"Still Waiting-Sum 41\" data-e-action-hash=\"#elementor-action%3Aaction%3Dlightbox%26settings%3DeyJpZCI6NDQ5LCJ1cmwiOiJodHRwczpcL1wvd3d3LmVtZXJpY2tibG90LmZyXC93cC1jb250ZW50XC91cGxvYWRzXC8yMDI2XC8wM1wvU1RJTExXQUlUSU5HLTEuanBnIn0%3D\">\n\t\t\t\t\t\t\t<img loading=\"lazy\" decoding=\"async\" width=\"1000\" height=\"1000\" src=\"https:\/\/www.emerickblot.fr\/wp-content\/uploads\/2026\/03\/STILLWAITING-1.jpg\" class=\"elementor-animation-shrink attachment-large size-large wp-image-449\" alt=\"\" srcset=\"https:\/\/www.emerickblot.fr\/wp-content\/uploads\/2026\/03\/STILLWAITING-1.jpg 1000w, https:\/\/www.emerickblot.fr\/wp-content\/uploads\/2026\/03\/STILLWAITING-1-300x300.jpg 300w, https:\/\/www.emerickblot.fr\/wp-content\/uploads\/2026\/03\/STILLWAITING-1-150x150.jpg 150w, https:\/\/www.emerickblot.fr\/wp-content\/uploads\/2026\/03\/STILLWAITING-1-768x768.jpg 768w\" sizes=\"(max-width: 1000px) 100vw, 1000px\" \/>\t\t\t\t\t\t\t\t<\/a>\n\t\t\t\t\t\t\t\t\t\t\t\t\t\t\t<\/div>\n\t\t\t\t<div class=\"elementor-element elementor-element-2ad37e3 elementor-widget elementor-widget-heading\" data-id=\"2ad37e3\" data-element_type=\"widget\" data-e-type=\"widget\" data-widget_type=\"heading.default\">\n\t\t\t\t\t<h2 class=\"elementor-heading-title elementor-size-default\">Still waiting<\/h2>\t\t\t\t<\/div>\n\t\t\t\t<div class=\"elementor-element elementor-element-6c522ef elementor-widget elementor-widget-text-editor\" data-id=\"6c522ef\" data-element_type=\"widget\" data-e-type=\"widget\" data-widget_type=\"text-editor.default\">\n\t\t\t\t\t\t\t\t\t<p>Illustration de la chanson Still waiting du groupe Sum 41<\/p>\t\t\t\t\t\t\t\t<\/div>\n\t\t\t\t<\/div>\n\t\t<div class=\"elementor-element elementor-element-948f364 e-con-full e-flex e-con e-child\" data-id=\"948f364\" data-element_type=\"container\" data-e-type=\"container\">\n\t\t\t\t<div class=\"elementor-element elementor-element-9c179a3 elementor-widget elementor-widget-image\" data-id=\"9c179a3\" data-element_type=\"widget\" data-e-type=\"widget\" data-widget_type=\"image.default\">\n\t\t\t\t\t\t\t\t\t\t\t\t\t\t\t\t<a href=\"http:\/\/www.emerickblot.fr\/wp-content\/uploads\/2026\/03\/AnimalsKM5.gif\" data-elementor-open-lightbox=\"yes\" data-elementor-lightbox-title=\"Set d&#039;animaux mascottes pour brasserie KM5\" data-e-action-hash=\"#elementor-action%3Aaction%3Dlightbox%26settings%3DeyJpZCI6NDUxLCJ1cmwiOiJodHRwczpcL1wvd3d3LmVtZXJpY2tibG90LmZyXC93cC1jb250ZW50XC91cGxvYWRzXC8yMDI2XC8wM1wvQW5pbWFsc0tNNS5naWYifQ%3D%3D\">\n\t\t\t\t\t\t\t<img loading=\"lazy\" decoding=\"async\" width=\"800\" height=\"800\" src=\"https:\/\/www.emerickblot.fr\/wp-content\/uploads\/2026\/03\/AnimalsKM5.gif\" class=\"elementor-animation-shrink attachment-large size-large wp-image-451\" alt=\"\" \/>\t\t\t\t\t\t\t\t<\/a>\n\t\t\t\t\t\t\t\t\t\t\t\t\t\t\t<\/div>\n\t\t\t\t<div class=\"elementor-element elementor-element-3252964 elementor-widget elementor-widget-heading\" data-id=\"3252964\" data-element_type=\"widget\" data-e-type=\"widget\" data-widget_type=\"heading.default\">\n\t\t\t\t\t<h2 class=\"elementor-heading-title elementor-size-default\">Mascottes KM5<\/h2>\t\t\t\t<\/div>\n\t\t\t\t<div class=\"elementor-element elementor-element-7b23fbb elementor-widget elementor-widget-text-editor\" data-id=\"7b23fbb\" data-element_type=\"widget\" data-e-type=\"widget\" data-widget_type=\"text-editor.default\">\n\t\t\t\t\t\t\t\t\t<p>Cr\u00e9ation de plusieurs mascottes pour la brasserie KM5<\/p>\t\t\t\t\t\t\t\t<\/div>\n\t\t\t\t<\/div>\n\t\t<div class=\"elementor-element elementor-element-720adc1 e-con-full e-flex e-con e-child\" data-id=\"720adc1\" data-element_type=\"container\" data-e-type=\"container\">\n\t\t\t\t<div class=\"elementor-element elementor-element-116d354 elementor-widget elementor-widget-image\" data-id=\"116d354\" data-element_type=\"widget\" data-e-type=\"widget\" data-widget_type=\"image.default\">\n\t\t\t\t\t\t\t\t\t\t\t\t\t\t\t\t<a href=\"http:\/\/www.emerickblot.fr\/wp-content\/uploads\/2026\/03\/the-kids-arent-alright_illu_BLEU-1.jpg\" data-elementor-open-lightbox=\"yes\" data-elementor-lightbox-title=\"The kids aren&#039;t alright-The Offspring\" data-e-action-hash=\"#elementor-action%3Aaction%3Dlightbox%26settings%3DeyJpZCI6NDUwLCJ1cmwiOiJodHRwczpcL1wvd3d3LmVtZXJpY2tibG90LmZyXC93cC1jb250ZW50XC91cGxvYWRzXC8yMDI2XC8wM1wvdGhlLWtpZHMtYXJlbnQtYWxyaWdodF9pbGx1X0JMRVUtMS5qcGcifQ%3D%3D\">\n\t\t\t\t\t\t\t<img loading=\"lazy\" decoding=\"async\" width=\"595\" height=\"842\" src=\"https:\/\/www.emerickblot.fr\/wp-content\/uploads\/2026\/03\/the-kids-arent-alright_illu_BLEU-1.jpg\" class=\"elementor-animation-shrink attachment-large size-large wp-image-450\" alt=\"\" srcset=\"https:\/\/www.emerickblot.fr\/wp-content\/uploads\/2026\/03\/the-kids-arent-alright_illu_BLEU-1.jpg 595w, https:\/\/www.emerickblot.fr\/wp-content\/uploads\/2026\/03\/the-kids-arent-alright_illu_BLEU-1-212x300.jpg 212w\" sizes=\"(max-width: 595px) 100vw, 595px\" \/>\t\t\t\t\t\t\t\t<\/a>\n\t\t\t\t\t\t\t\t\t\t\t\t\t\t\t<\/div>\n\t\t\t\t<div class=\"elementor-element elementor-element-5281bce elementor-widget elementor-widget-heading\" data-id=\"5281bce\" data-element_type=\"widget\" data-e-type=\"widget\" data-widget_type=\"heading.default\">\n\t\t\t\t\t<h2 class=\"elementor-heading-title elementor-size-default\">The kids aren't alright<\/h2>\t\t\t\t<\/div>\n\t\t\t\t<div class=\"elementor-element elementor-element-d452e11 elementor-widget elementor-widget-text-editor\" data-id=\"d452e11\" data-element_type=\"widget\" data-e-type=\"widget\" data-widget_type=\"text-editor.default\">\n\t\t\t\t\t\t\t\t\t<p>Illustration de la chanson The kids aren&rsquo;t alright du groupe The Offspring<\/p>\t\t\t\t\t\t\t\t<\/div>\n\t\t\t\t<\/div>\n\t\t<div class=\"elementor-element elementor-element-e517f22 e-con-full e-flex e-con e-child\" data-id=\"e517f22\" data-element_type=\"container\" data-e-type=\"container\">\n\t\t\t\t<div class=\"elementor-element elementor-element-d57f349 elementor-widget elementor-widget-image\" data-id=\"d57f349\" data-element_type=\"widget\" data-e-type=\"widget\" data-widget_type=\"image.default\">\n\t\t\t\t\t\t\t\t\t\t\t\t\t\t\t\t<a href=\"http:\/\/www.emerickblot.fr\/wp-content\/uploads\/2026\/03\/LALY-CARD-ANIM-1.gif\" data-elementor-open-lightbox=\"yes\" data-elementor-lightbox-title=\"Set de cartes illustr\u00e9es\" data-e-action-hash=\"#elementor-action%3Aaction%3Dlightbox%26settings%3DeyJpZCI6NDQ3LCJ1cmwiOiJodHRwczpcL1wvd3d3LmVtZXJpY2tibG90LmZyXC93cC1jb250ZW50XC91cGxvYWRzXC8yMDI2XC8wM1wvTEFMWS1DQVJELUFOSU0tMS5naWYifQ%3D%3D\">\n\t\t\t\t\t\t\t<img loading=\"lazy\" decoding=\"async\" width=\"800\" height=\"800\" src=\"https:\/\/www.emerickblot.fr\/wp-content\/uploads\/2026\/03\/LALY-CARD-ANIM-1.gif\" class=\"elementor-animation-shrink attachment-large size-large wp-image-447\" alt=\"\" \/>\t\t\t\t\t\t\t\t<\/a>\n\t\t\t\t\t\t\t\t\t\t\t\t\t\t\t<\/div>\n\t\t\t\t<div class=\"elementor-element elementor-element-7782a0f elementor-widget elementor-widget-heading\" data-id=\"7782a0f\" data-element_type=\"widget\" data-e-type=\"widget\" data-widget_type=\"heading.default\">\n\t\t\t\t\t<h2 class=\"elementor-heading-title elementor-size-default\">Set de cartes fantasy<\/h2>\t\t\t\t<\/div>\n\t\t\t\t<div class=\"elementor-element elementor-element-df2b856 elementor-widget elementor-widget-text-editor\" data-id=\"df2b856\" data-element_type=\"widget\" data-e-type=\"widget\" data-widget_type=\"text-editor.default\">\n\t\t\t\t\t\t\t\t\t<p>Cr\u00e9ation d&rsquo;un set de cartes illustr\u00e9es sur le th\u00e8me de la heroic fantasy\u00a0<\/p>\t\t\t\t\t\t\t\t<\/div>\n\t\t\t\t<\/div>\n\t\t<div class=\"elementor-element elementor-element-f1cd40e e-con-full e-flex e-con e-child\" data-id=\"f1cd40e\" data-element_type=\"container\" data-e-type=\"container\">\n\t\t\t\t<div class=\"elementor-element elementor-element-79e6d70 elementor-widget elementor-widget-image\" data-id=\"79e6d70\" data-element_type=\"widget\" data-e-type=\"widget\" data-widget_type=\"image.default\">\n\t\t\t\t\t\t\t\t\t\t\t\t\t\t\t\t<a href=\"http:\/\/www.emerickblot.fr\/wp-content\/uploads\/2026\/03\/Banner-type-scaled.jpg\" data-elementor-open-lightbox=\"yes\" data-elementor-lightbox-title=\"Kakemono pour la brasserie KM5\" data-e-action-hash=\"#elementor-action%3Aaction%3Dlightbox%26settings%3DeyJpZCI6NDUyLCJ1cmwiOiJodHRwczpcL1wvd3d3LmVtZXJpY2tibG90LmZyXC93cC1jb250ZW50XC91cGxvYWRzXC8yMDI2XC8wM1wvQmFubmVyLXR5cGUtc2NhbGVkLmpwZyJ9\">\n\t\t\t\t\t\t\t<img loading=\"lazy\" decoding=\"async\" width=\"1024\" height=\"683\" src=\"https:\/\/www.emerickblot.fr\/wp-content\/uploads\/2026\/03\/Banner-type-1024x683.jpg\" class=\"elementor-animation-shrink attachment-large size-large wp-image-452\" alt=\"\" srcset=\"https:\/\/www.emerickblot.fr\/wp-content\/uploads\/2026\/03\/Banner-type-1024x683.jpg 1024w, https:\/\/www.emerickblot.fr\/wp-content\/uploads\/2026\/03\/Banner-type-300x200.jpg 300w, https:\/\/www.emerickblot.fr\/wp-content\/uploads\/2026\/03\/Banner-type-768x512.jpg 768w, https:\/\/www.emerickblot.fr\/wp-content\/uploads\/2026\/03\/Banner-type-1536x1024.jpg 1536w, https:\/\/www.emerickblot.fr\/wp-content\/uploads\/2026\/03\/Banner-type-2048x1366.jpg 2048w\" sizes=\"(max-width: 1024px) 100vw, 1024px\" \/>\t\t\t\t\t\t\t\t<\/a>\n\t\t\t\t\t\t\t\t\t\t\t\t\t\t\t<\/div>\n\t\t\t\t<div class=\"elementor-element elementor-element-2ede2cb elementor-widget elementor-widget-heading\" data-id=\"2ede2cb\" data-element_type=\"widget\" data-e-type=\"widget\" data-widget_type=\"heading.default\">\n\t\t\t\t\t<h2 class=\"elementor-heading-title elementor-size-default\">Kakemono KM5<\/h2>\t\t\t\t<\/div>\n\t\t\t\t<div class=\"elementor-element elementor-element-42ffab2 elementor-widget elementor-widget-text-editor\" data-id=\"42ffab2\" data-element_type=\"widget\" data-e-type=\"widget\" data-widget_type=\"text-editor.default\">\n\t\t\t\t\t\t\t\t\t<p>Conception du kakemono de pr\u00e9sentation de la brasserie KM5.<\/p>\t\t\t\t\t\t\t\t<\/div>\n\t\t\t\t<\/div>\n\t\t\t\t<\/div>\n\t\t\t\t\t<\/div>\n\t\t\t\t<\/div>\n\t\t<div class=\"elementor-element elementor-element-f9dcd0b e-flex e-con-boxed e-con e-parent\" data-id=\"f9dcd0b\" data-element_type=\"container\" data-e-type=\"container\">\n\t\t\t\t\t<div class=\"e-con-inner\">\n\t\t\t\t\t<\/div>\n\t\t\t\t<\/div>\n\t\t\t\t<\/div>\n\t\t","protected":false},"excerpt":{"rendered":"<p>Projets illustration Cette section rassemble mes travaux d\u2019illustration, pens\u00e9s pour servir un univers, renforcer une narration et apporter une dimension [&hellip;]<\/p>\n","protected":false},"author":1,"featured_media":0,"parent":0,"menu_order":0,"comment_status":"closed","ping_status":"closed","template":"elementor_header_footer","meta":{"site-sidebar-layout":"no-sidebar","site-content-layout":"","ast-site-content-layout":"full-width-container","site-content-style":"default","site-sidebar-style":"default","ast-global-header-display":"","ast-banner-title-visibility":"","ast-main-header-display":"","ast-hfb-above-header-display":"","ast-hfb-below-header-display":"","ast-hfb-mobile-header-display":"","site-post-title":"","ast-breadcrumbs-content":"","ast-featured-img":"disabled","footer-sml-layout":"","ast-disable-related-posts":"","theme-transparent-header-meta":"","adv-header-id-meta":"","stick-header-meta":"","header-above-stick-meta":"","header-main-stick-meta":"","header-below-stick-meta":"","astra-migrate-meta-layouts":"default","ast-page-background-enabled":"default","ast-page-background-meta":{"desktop":{"background-color":"var(--ast-global-color-5)","background-image":"","background-repeat":"repeat","background-position":"center center","background-size":"auto","background-attachment":"scroll","background-type":"","background-media":"","overlay-type":"","overlay-color":"","overlay-opacity":"","overlay-gradient":""},"tablet":{"background-color":"","background-image":"","background-repeat":"repeat","background-position":"center center","background-size":"auto","background-attachment":"scroll","background-type":"","background-media":"","overlay-type":"","overlay-color":"","overlay-opacity":"","overlay-gradient":""},"mobile":{"background-color":"","background-image":"","background-repeat":"repeat","background-position":"center center","background-size":"auto","background-attachment":"scroll","background-type":"","background-media":"","overlay-type":"","overlay-color":"","overlay-opacity":"","overlay-gradient":""}},"ast-content-background-meta":{"desktop":{"background-color":"var(--ast-global-color-4)","background-image":"","background-repeat":"repeat","background-position":"center center","background-size":"auto","background-attachment":"scroll","background-type":"","background-media":"","overlay-type":"","overlay-color":"","overlay-opacity":"","overlay-gradient":""},"tablet":{"background-color":"var(--ast-global-color-4)","background-image":"","background-repeat":"repeat","background-position":"center center","background-size":"auto","background-attachment":"scroll","background-type":"","background-media":"","overlay-type":"","overlay-color":"","overlay-opacity":"","overlay-gradient":""},"mobile":{"background-color":"var(--ast-global-color-4)","background-image":"","background-repeat":"repeat","background-position":"center center","background-size":"auto","background-attachment":"scroll","background-type":"","background-media":"","overlay-type":"","overlay-color":"","overlay-opacity":"","overlay-gradient":""}},"footnotes":""},"class_list":["post-441","page","type-page","status-publish","hentry"],"_links":{"self":[{"href":"https:\/\/www.emerickblot.fr\/index.php?rest_route=\/wp\/v2\/pages\/441","targetHints":{"allow":["GET"]}}],"collection":[{"href":"https:\/\/www.emerickblot.fr\/index.php?rest_route=\/wp\/v2\/pages"}],"about":[{"href":"https:\/\/www.emerickblot.fr\/index.php?rest_route=\/wp\/v2\/types\/page"}],"author":[{"embeddable":true,"href":"https:\/\/www.emerickblot.fr\/index.php?rest_route=\/wp\/v2\/users\/1"}],"replies":[{"embeddable":true,"href":"https:\/\/www.emerickblot.fr\/index.php?rest_route=%2Fwp%2Fv2%2Fcomments&post=441"}],"version-history":[{"count":35,"href":"https:\/\/www.emerickblot.fr\/index.php?rest_route=\/wp\/v2\/pages\/441\/revisions"}],"predecessor-version":[{"id":1115,"href":"https:\/\/www.emerickblot.fr\/index.php?rest_route=\/wp\/v2\/pages\/441\/revisions\/1115"}],"wp:attachment":[{"href":"https:\/\/www.emerickblot.fr\/index.php?rest_route=%2Fwp%2Fv2%2Fmedia&parent=441"}],"curies":[{"name":"wp","href":"https:\/\/api.w.org\/{rel}","templated":true}]}}